{"id":2302,"date":"2021-02-10T16:06:46","date_gmt":"2021-02-10T16:06:46","guid":{"rendered":"https:\/\/ynnovation.net\/ys-yb-web2\/?page_id=2302"},"modified":"2023-04-20T08:27:13","modified_gmt":"2023-04-20T08:27:13","slug":"terms-and-conditions","status":"publish","type":"page","link":"https:\/\/charming-guesthouse.com\/pt\/terms-and-conditions\/","title":{"rendered":"Termos e condi\u00e7\u00f5es"},"content":{"rendered":"<p>[vc_row][vc_column][vc_column_text]<\/p>\n<p dir=\"ltr\"><strong>POL\u00cdTICA DE RESERVAS E CANCELAMENTO<\/strong><\/p>\n<p dir=\"ltr\"><strong>Condi\u00e7\u00f5es de Reserva:<\/strong><\/p>\n<p dir=\"ltr\">As reservas s\u00f3 ser\u00e3o v\u00e1lidas ap\u00f3s o pagamento das mesmas.<\/p>\n<ul>\n<li dir=\"ltr\" role=\"presentation\">Reservas efetuadas com cart\u00e3o de cr\u00e9dito o pagamento ser\u00e1 efetuado de imediato.<\/li>\n<li dir=\"ltr\" role=\"presentation\">Reservas efetuadas por transfer\u00eancia banc\u00e1ria o cliente ter\u00e1 48 horas para efetuar a transfer\u00eancia e enviar o comprovativo para <strong>frontdesk@oportocomfort.com.<\/strong><\/li>\n<li dir=\"ltr\" role=\"presentation\">Reservas efetuadas com refer\u00eancia multibanco o cliente ter\u00e1 24 horas para o pagamento, per\u00edodo de validade dos c\u00f3digos de pagamento.<\/li>\n<\/ul>\n<p dir=\"ltr\">Pol\u00edtica de Cancelamento:<\/p>\n<ul>\n<li dir=\"ltr\" role=\"presentation\">30 e 15 dias antes da chegada \u2013 O cancelamento pode ser efetuado sem custos;<\/li>\n<li dir=\"ltr\" role=\"presentation\">15 a 5 dias antes da chegada \u2013 Penaliza\u00e7\u00e3o do valor da primeira noite;<\/li>\n<li dir=\"ltr\" role=\"presentation\">5 dias antes da chegada \u2013 Penaliza\u00e7\u00e3o de 100% do valor total da reserva;<\/li>\n<li dir=\"ltr\" role=\"presentation\">No show \u2013 penaliza\u00e7\u00e3o de 100% do valor total da reserva.<\/li>\n<\/ul>\n<p>[\/vc_column_text][\/vc_column][\/vc_row]<\/p>","protected":false},"excerpt":{"rendered":"<p>[vc_row][vc_column][vc_column_text] POL\u00cdTICA DE RESERVAS E CANCELAMENTO Condi\u00e7\u00f5es de Reserva: As reservas s\u00f3 ser\u00e3o v\u00e1lidas ap\u00f3s o pagamento das mesmas. Reservas efetuadas com cart\u00e3o de cr\u00e9dito o pagamento ser\u00e1 efetuado de imediato. Reservas efetuadas por transfer\u00eancia banc\u00e1ria o cliente ter\u00e1 48 horas para efetuar a transfer\u00eancia e enviar o comprovativo para frontdesk@oportocomfort.com. Reservas efetuadas com refer\u00eancia [&hellip;]<\/p>\n","protected":false},"author":1,"featured_media":0,"parent":0,"menu_order":0,"comment_status":"closed","ping_status":"open","template":"","meta":{"inline_featured_image":false},"_links":{"self":[{"href":"https:\/\/charming-guesthouse.com\/pt\/wp-json\/wp\/v2\/pages\/2302"}],"collection":[{"href":"https:\/\/charming-guesthouse.com\/pt\/wp-json\/wp\/v2\/pages"}],"about":[{"href":"https:\/\/charming-guesthouse.com\/pt\/wp-json\/wp\/v2\/types\/page"}],"author":[{"embeddable":true,"href":"https:\/\/charming-guesthouse.com\/pt\/wp-json\/wp\/v2\/users\/1"}],"replies":[{"embeddable":true,"href":"https:\/\/charming-guesthouse.com\/pt\/wp-json\/wp\/v2\/comments?post=2302"}],"version-history":[{"count":10,"href":"https:\/\/charming-guesthouse.com\/pt\/wp-json\/wp\/v2\/pages\/2302\/revisions"}],"predecessor-version":[{"id":25363,"href":"https:\/\/charming-guesthouse.com\/pt\/wp-json\/wp\/v2\/pages\/2302\/revisions\/25363"}],"wp:attachment":[{"href":"https:\/\/charming-guesthouse.com\/pt\/wp-json\/wp\/v2\/media?parent=2302"}],"curies":[{"name":"wp","href":"https:\/\/api.w.org\/{rel}","templated":true}]}}